{"id":1614,"date":"2019-05-16T18:31:09","date_gmt":"2019-05-16T16:31:09","guid":{"rendered":"http:\/\/ussacyclo.fr\/?page_id=1614"},"modified":"2019-06-22T01:29:24","modified_gmt":"2019-06-21T23:29:24","slug":"alpes-mancelles-2019","status":"publish","type":"page","link":"https:\/\/ussacyclo.fr\/?page_id=1614","title":{"rendered":"Alpes Mancelles 2019"},"content":{"rendered":"\n<p><br><\/p>\n\n\n\n<ul class=\"wp-block-list\"><li>Bonne humeur sur la parcours malgr\u00e9 la m\u00e9teo qui nous a oblig\u00e9 \u00e0 diff\u00e9rer le d\u00e9part du samedi matin en allant chercher une accalmie vers Senonches . Belle \u00e9claircies mais grosse averse \u00e0 Alen\u00e7on. Accompagn\u00e9s  sur ce parcours par 2 v\u00e9t\u00e9tistes : Raymond qui, avec son beau VTT tout neuf, a mesur\u00e9 la r\u00e9sistance des crampons sur la route et Julien frais comme un \u0153uf a \u00e9t\u00e9 frustr\u00e9 de ne pas se mesurer au mont des Avaloirs ! Nos 2 Nicoles ont \u00e9t\u00e9 accompagn\u00e9es par Daniel <\/li><li><\/li><\/ul>\n\n\n\n<ul class=\"wp-block-gallery aligncenter columns-1 is-cropped wp-block-gallery-1 is-layout-flex wp-block-gallery-is-layout-flex\"><li class=\"blocks-gallery-item\"><figure><img loading=\"lazy\" decoding=\"async\" width=\"1024\" height=\"338\" src=\"http:\/\/ussacyclo.fr\/wp-content\/uploads\/2019\/05\/circuit-1024x338.jpg\" alt=\"\" data-id=\"1622\" data-link=\"http:\/\/ussacyclo.fr\/?attachment_id=1622\" class=\"wp-image-1622\" srcset=\"https:\/\/ussacyclo.fr\/wp-content\/uploads\/2019\/05\/circuit-1024x338.jpg 1024w, https:\/\/ussacyclo.fr\/wp-content\/uploads\/2019\/05\/circuit-300x99.jpg 300w, https:\/\/ussacyclo.fr\/wp-content\/uploads\/2019\/05\/circuit-768x254.jpg 768w, https:\/\/ussacyclo.fr\/wp-content\/uploads\/2019\/05\/circuit-994x328.jpg 994w, https:\/\/ussacyclo.fr\/wp-content\/uploads\/2019\/05\/circuit.jpg 1133w\" sizes=\"auto, (max-width: 1024px) 100vw, 1024px\" \/><\/figure><\/li><\/ul>\n\n\n\n<ul class=\"wp-block-gallery columns-3 is-cropped wp-block-gallery-2 is-layout-flex wp-block-gallery-is-layout-flex\"><li class=\"blocks-gallery-item\"><figure><img loading=\"lazy\" decoding=\"async\" width=\"718\" height=\"478\" src=\"http:\/\/ussacyclo.fr\/wp-content\/uploads\/2019\/05\/20190511_110351_1781.jpg\" alt=\"\" data-id=\"1653\" data-link=\"http:\/\/ussacyclo.fr\/?attachment_id=1653\" class=\"wp-image-1653\" srcset=\"https:\/\/ussacyclo.fr\/wp-content\/uploads\/2019\/05\/20190511_110351_1781.jpg 718w, https:\/\/ussacyclo.fr\/wp-content\/uploads\/2019\/05\/20190511_110351_1781-300x200.jpg 300w, https:\/\/ussacyclo.fr\/wp-content\/uploads\/2019\/05\/20190511_110351_1781-541x360.jpg 541w\" sizes=\"auto, (max-width: 718px) 100vw, 718px\" \/><\/figure><\/li><li class=\"blocks-gallery-item\"><figure><img loading=\"lazy\" decoding=\"async\" width=\"1024\" height=\"576\" src=\"http:\/\/ussacyclo.fr\/wp-content\/uploads\/2019\/05\/20190511_130552-1024x576.jpg\" alt=\"\" data-id=\"1654\" data-link=\"http:\/\/ussacyclo.fr\/?attachment_id=1654\" class=\"wp-image-1654\" srcset=\"https:\/\/ussacyclo.fr\/wp-content\/uploads\/2019\/05\/20190511_130552.jpg 1024w, https:\/\/ussacyclo.fr\/wp-content\/uploads\/2019\/05\/20190511_130552-300x169.jpg 300w, https:\/\/ussacyclo.fr\/wp-content\/uploads\/2019\/05\/20190511_130552-768x432.jpg 768w, https:\/\/ussacyclo.fr\/wp-content\/uploads\/2019\/05\/20190511_130552-640x360.jpg 640w\" sizes=\"auto, (max-width: 1024px) 100vw, 1024px\" \/><\/figure><\/li><li class=\"blocks-gallery-item\"><figure><img loading=\"lazy\" decoding=\"async\" width=\"1024\" height=\"576\" src=\"http:\/\/ussacyclo.fr\/wp-content\/uploads\/2019\/05\/20190511_125332-1024x576.jpg\" alt=\"\" data-id=\"1656\" data-link=\"http:\/\/ussacyclo.fr\/?attachment_id=1656\" class=\"wp-image-1656\" srcset=\"https:\/\/ussacyclo.fr\/wp-content\/uploads\/2019\/05\/20190511_125332.jpg 1024w, https:\/\/ussacyclo.fr\/wp-content\/uploads\/2019\/05\/20190511_125332-300x169.jpg 300w, https:\/\/ussacyclo.fr\/wp-content\/uploads\/2019\/05\/20190511_125332-768x432.jpg 768w, https:\/\/ussacyclo.fr\/wp-content\/uploads\/2019\/05\/20190511_125332-640x360.jpg 640w\" sizes=\"auto, (max-width: 1024px) 100vw, 1024px\" \/><\/figure><\/li><li class=\"blocks-gallery-item\"><figure><img loading=\"lazy\" decoding=\"async\" width=\"1024\" height=\"576\" src=\"http:\/\/ussacyclo.fr\/wp-content\/uploads\/2019\/05\/20190511_182403-1024x576.jpg\" alt=\"\" data-id=\"1657\" data-link=\"http:\/\/ussacyclo.fr\/?attachment_id=1657\" class=\"wp-image-1657\" srcset=\"https:\/\/ussacyclo.fr\/wp-content\/uploads\/2019\/05\/20190511_182403.jpg 1024w, https:\/\/ussacyclo.fr\/wp-content\/uploads\/2019\/05\/20190511_182403-300x169.jpg 300w, https:\/\/ussacyclo.fr\/wp-content\/uploads\/2019\/05\/20190511_182403-768x432.jpg 768w, https:\/\/ussacyclo.fr\/wp-content\/uploads\/2019\/05\/20190511_182403-640x360.jpg 640w\" sizes=\"auto, (max-width: 1024px) 100vw, 1024px\" \/><\/figure><\/li><li class=\"blocks-gallery-item\"><figure><img loading=\"lazy\" decoding=\"async\" width=\"1024\" height=\"576\" src=\"http:\/\/ussacyclo.fr\/wp-content\/uploads\/2019\/05\/20190511_182550-1024x576.jpg\" alt=\"\" data-id=\"1658\" data-link=\"http:\/\/ussacyclo.fr\/?attachment_id=1658\" class=\"wp-image-1658\" srcset=\"https:\/\/ussacyclo.fr\/wp-content\/uploads\/2019\/05\/20190511_182550.jpg 1024w, https:\/\/ussacyclo.fr\/wp-content\/uploads\/2019\/05\/20190511_182550-300x169.jpg 300w, https:\/\/ussacyclo.fr\/wp-content\/uploads\/2019\/05\/20190511_182550-768x432.jpg 768w, https:\/\/ussacyclo.fr\/wp-content\/uploads\/2019\/05\/20190511_182550-640x360.jpg 640w\" sizes=\"auto, (max-width: 1024px) 100vw, 1024px\" \/><\/figure><\/li><li class=\"blocks-gallery-item\"><figure><img loading=\"lazy\" decoding=\"async\" width=\"1024\" height=\"768\" src=\"http:\/\/ussacyclo.fr\/wp-content\/uploads\/2019\/05\/IMG_20190511_153152-1024x768.jpg\" alt=\"\" data-id=\"1659\" data-link=\"http:\/\/ussacyclo.fr\/?attachment_id=1659\" class=\"wp-image-1659\" srcset=\"https:\/\/ussacyclo.fr\/wp-content\/uploads\/2019\/05\/IMG_20190511_153152.jpg 1024w, https:\/\/ussacyclo.fr\/wp-content\/uploads\/2019\/05\/IMG_20190511_153152-300x225.jpg 300w, https:\/\/ussacyclo.fr\/wp-content\/uploads\/2019\/05\/IMG_20190511_153152-768x576.jpg 768w, https:\/\/ussacyclo.fr\/wp-content\/uploads\/2019\/05\/IMG_20190511_153152-480x360.jpg 480w\" sizes=\"auto, (max-width: 1024px) 100vw, 1024px\" \/><\/figure><\/li><li class=\"blocks-gallery-item\"><figure><img loading=\"lazy\" decoding=\"async\" width=\"1024\" height=\"683\" src=\"http:\/\/ussacyclo.fr\/wp-content\/uploads\/2019\/05\/IMG_20190511_153739-1024x683.jpg\" alt=\"\" data-id=\"1661\" data-link=\"http:\/\/ussacyclo.fr\/?attachment_id=1661\" class=\"wp-image-1661\" srcset=\"https:\/\/ussacyclo.fr\/wp-content\/uploads\/2019\/05\/IMG_20190511_153739.jpg 1024w, https:\/\/ussacyclo.fr\/wp-content\/uploads\/2019\/05\/IMG_20190511_153739-300x200.jpg 300w, https:\/\/ussacyclo.fr\/wp-content\/uploads\/2019\/05\/IMG_20190511_153739-768x512.jpg 768w, https:\/\/ussacyclo.fr\/wp-content\/uploads\/2019\/05\/IMG_20190511_153739-540x360.jpg 540w\" sizes=\"auto, (max-width: 1024px) 100vw, 1024px\" \/><\/figure><\/li><li class=\"blocks-gallery-item\"><figure><img loading=\"lazy\" decoding=\"async\" width=\"1024\" height=\"768\" src=\"http:\/\/ussacyclo.fr\/wp-content\/uploads\/2019\/05\/IMG_20190511_153742-1-1024x768.jpg\" alt=\"\" data-id=\"1662\" data-link=\"http:\/\/ussacyclo.fr\/?attachment_id=1662\" class=\"wp-image-1662\" srcset=\"https:\/\/ussacyclo.fr\/wp-content\/uploads\/2019\/05\/IMG_20190511_153742-1.jpg 1024w, https:\/\/ussacyclo.fr\/wp-content\/uploads\/2019\/05\/IMG_20190511_153742-1-300x225.jpg 300w, https:\/\/ussacyclo.fr\/wp-content\/uploads\/2019\/05\/IMG_20190511_153742-1-768x576.jpg 768w, https:\/\/ussacyclo.fr\/wp-content\/uploads\/2019\/05\/IMG_20190511_153742-1-480x360.jpg 480w\" sizes=\"auto, (max-width: 1024px) 100vw, 1024px\" \/><\/figure><\/li><\/ul>\n\n\n\n<p>Finalement, seule \u00e0 avoir fait son parcours complet, Catherine qui est partie d\u00e8s  vendredi pour faire un tron\u00e7on de la fl\u00e8che Paris-Brest en faisant \u00e9tape  \u00e0 Mortagne.  <\/p>\n\n\n\n<ul class=\"wp-block-gallery columns-1 is-cropped wp-block-gallery-3 is-layout-flex wp-block-gallery-is-layout-flex\"><li class=\"blocks-gallery-item\"><figure><img loading=\"lazy\" decoding=\"async\" width=\"718\" height=\"478\" src=\"http:\/\/ussacyclo.fr\/wp-content\/uploads\/2019\/05\/20190510_083037_7936.jpg\" alt=\"\" data-id=\"1665\" data-link=\"http:\/\/ussacyclo.fr\/?attachment_id=1665\" class=\"wp-image-1665\" srcset=\"https:\/\/ussacyclo.fr\/wp-content\/uploads\/2019\/05\/20190510_083037_7936.jpg 718w, https:\/\/ussacyclo.fr\/wp-content\/uploads\/2019\/05\/20190510_083037_7936-300x200.jpg 300w, https:\/\/ussacyclo.fr\/wp-content\/uploads\/2019\/05\/20190510_083037_7936-541x360.jpg 541w\" sizes=\"auto, (max-width: 718px) 100vw, 718px\" \/><\/figure><\/li><\/ul>\n\n\n\n<p>\nDimanche de bonne heure pr\u00eats pour une randonn\u00e9e p\u00e9destre vers St C\u00e9n\u00e9ri\n l&rsquo;un des \u00ab\u00a0plus beau village de France\u00a0\u00bb. A la brume matinale le long de \nla Sarthe a succ\u00e9d\u00e9 un beau soleil et quelques bonnes grimpettes.\n\n<\/p>\n\n\n\n<ul class=\"wp-block-gallery columns-3 is-cropped wp-block-gallery-4 is-layout-flex wp-block-gallery-is-layout-flex\"><li class=\"blocks-gallery-item\"><figure><img loading=\"lazy\" decoding=\"async\" width=\"1024\" height=\"576\" src=\"http:\/\/ussacyclo.fr\/wp-content\/uploads\/2019\/05\/20190512_0826470-1024x576.jpg\" alt=\"\" data-id=\"1671\" data-link=\"http:\/\/ussacyclo.fr\/?attachment_id=1671\" class=\"wp-image-1671\" srcset=\"https:\/\/ussacyclo.fr\/wp-content\/uploads\/2019\/05\/20190512_0826470-1024x576.jpg 1024w, https:\/\/ussacyclo.fr\/wp-content\/uploads\/2019\/05\/20190512_0826470-300x169.jpg 300w, https:\/\/ussacyclo.fr\/wp-content\/uploads\/2019\/05\/20190512_0826470-768x432.jpg 768w, https:\/\/ussacyclo.fr\/wp-content\/uploads\/2019\/05\/20190512_0826470-640x360.jpg 640w\" sizes=\"auto, (max-width: 1024px) 100vw, 1024px\" \/><\/figure><\/li><li class=\"blocks-gallery-item\"><figure><img loading=\"lazy\" decoding=\"async\" width=\"1024\" height=\"576\" src=\"http:\/\/ussacyclo.fr\/wp-content\/uploads\/2019\/05\/20190512_094707-2-1024x576.jpg\" alt=\"\" data-id=\"1675\" data-link=\"http:\/\/ussacyclo.fr\/?attachment_id=1675\" class=\"wp-image-1675\" srcset=\"https:\/\/ussacyclo.fr\/wp-content\/uploads\/2019\/05\/20190512_094707-2.jpg 1024w, https:\/\/ussacyclo.fr\/wp-content\/uploads\/2019\/05\/20190512_094707-2-300x169.jpg 300w, https:\/\/ussacyclo.fr\/wp-content\/uploads\/2019\/05\/20190512_094707-2-768x432.jpg 768w, https:\/\/ussacyclo.fr\/wp-content\/uploads\/2019\/05\/20190512_094707-2-640x360.jpg 640w\" sizes=\"auto, (max-width: 1024px) 100vw, 1024px\" \/><\/figure><\/li><li class=\"blocks-gallery-item\"><figure><img loading=\"lazy\" decoding=\"async\" width=\"1024\" height=\"576\" src=\"http:\/\/ussacyclo.fr\/wp-content\/uploads\/2019\/05\/20190512_095805-1-1024x576.jpg\" alt=\"\" data-id=\"1676\" data-link=\"http:\/\/ussacyclo.fr\/?attachment_id=1676\" class=\"wp-image-1676\" srcset=\"https:\/\/ussacyclo.fr\/wp-content\/uploads\/2019\/05\/20190512_095805-1.jpg 1024w, https:\/\/ussacyclo.fr\/wp-content\/uploads\/2019\/05\/20190512_095805-1-300x169.jpg 300w, https:\/\/ussacyclo.fr\/wp-content\/uploads\/2019\/05\/20190512_095805-1-768x432.jpg 768w, https:\/\/ussacyclo.fr\/wp-content\/uploads\/2019\/05\/20190512_095805-1-640x360.jpg 640w\" sizes=\"auto, (max-width: 1024px) 100vw, 1024px\" \/><\/figure><\/li><li class=\"blocks-gallery-item\"><figure><img loading=\"lazy\" decoding=\"async\" width=\"1024\" height=\"576\" src=\"http:\/\/ussacyclo.fr\/wp-content\/uploads\/2019\/05\/20190512_091828-1-1024x576.jpg\" alt=\"\" data-id=\"1677\" data-link=\"http:\/\/ussacyclo.fr\/?attachment_id=1677\" class=\"wp-image-1677\" srcset=\"https:\/\/ussacyclo.fr\/wp-content\/uploads\/2019\/05\/20190512_091828-1.jpg 1024w, https:\/\/ussacyclo.fr\/wp-content\/uploads\/2019\/05\/20190512_091828-1-300x169.jpg 300w, https:\/\/ussacyclo.fr\/wp-content\/uploads\/2019\/05\/20190512_091828-1-768x432.jpg 768w, https:\/\/ussacyclo.fr\/wp-content\/uploads\/2019\/05\/20190512_091828-1-640x360.jpg 640w\" sizes=\"auto, (max-width: 1024px) 100vw, 1024px\" \/><figcaption>?<\/figcaption><\/figure><\/li><li class=\"blocks-gallery-item\"><figure><img loading=\"lazy\" decoding=\"async\" width=\"1024\" height=\"768\" src=\"http:\/\/ussacyclo.fr\/wp-content\/uploads\/2019\/05\/IMG-20190515-WA0008-1024x768.jpg\" alt=\"\" data-id=\"1678\" data-link=\"http:\/\/ussacyclo.fr\/?attachment_id=1678\" class=\"wp-image-1678\" srcset=\"https:\/\/ussacyclo.fr\/wp-content\/uploads\/2019\/05\/IMG-20190515-WA0008-1024x768.jpg 1024w, https:\/\/ussacyclo.fr\/wp-content\/uploads\/2019\/05\/IMG-20190515-WA0008-300x225.jpg 300w, https:\/\/ussacyclo.fr\/wp-content\/uploads\/2019\/05\/IMG-20190515-WA0008-768x576.jpg 768w, https:\/\/ussacyclo.fr\/wp-content\/uploads\/2019\/05\/IMG-20190515-WA0008-480x360.jpg 480w, https:\/\/ussacyclo.fr\/wp-content\/uploads\/2019\/05\/IMG-20190515-WA0008.jpg 1600w\" sizes=\"auto, (max-width: 1024px) 100vw, 1024px\" \/><\/figure><\/li><li class=\"blocks-gallery-item\"><figure><img loading=\"lazy\" decoding=\"async\" width=\"1024\" height=\"768\" src=\"http:\/\/ussacyclo.fr\/wp-content\/uploads\/2019\/05\/IMG-20190515-WA0003-1024x768.jpg\" alt=\"\" data-id=\"1679\" data-link=\"http:\/\/ussacyclo.fr\/?attachment_id=1679\" class=\"wp-image-1679\" srcset=\"https:\/\/ussacyclo.fr\/wp-content\/uploads\/2019\/05\/IMG-20190515-WA0003-1024x768.jpg 1024w, https:\/\/ussacyclo.fr\/wp-content\/uploads\/2019\/05\/IMG-20190515-WA0003-300x225.jpg 300w, https:\/\/ussacyclo.fr\/wp-content\/uploads\/2019\/05\/IMG-20190515-WA0003-768x576.jpg 768w, https:\/\/ussacyclo.fr\/wp-content\/uploads\/2019\/05\/IMG-20190515-WA0003-480x360.jpg 480w, https:\/\/ussacyclo.fr\/wp-content\/uploads\/2019\/05\/IMG-20190515-WA0003.jpg 1600w\" sizes=\"auto, (max-width: 1024px) 100vw, 1024px\" \/><\/figure><\/li><li class=\"blocks-gallery-item\"><figure><img loading=\"lazy\" decoding=\"async\" width=\"768\" height=\"1024\" src=\"http:\/\/ussacyclo.fr\/wp-content\/uploads\/2019\/05\/IMG-20190515-WA0004-768x1024.jpg\" alt=\"\" data-id=\"1681\" data-link=\"http:\/\/ussacyclo.fr\/?attachment_id=1681\" class=\"wp-image-1681\" srcset=\"https:\/\/ussacyclo.fr\/wp-content\/uploads\/2019\/05\/IMG-20190515-WA0004-768x1024.jpg 768w, https:\/\/ussacyclo.fr\/wp-content\/uploads\/2019\/05\/IMG-20190515-WA0004-225x300.jpg 225w, https:\/\/ussacyclo.fr\/wp-content\/uploads\/2019\/05\/IMG-20190515-WA0004-270x360.jpg 270w, https:\/\/ussacyclo.fr\/wp-content\/uploads\/2019\/05\/IMG-20190515-WA0004.jpg 1200w\" sizes=\"auto, (max-width: 768px) 100vw, 768px\" \/><\/figure><\/li><li class=\"blocks-gallery-item\"><figure><img loading=\"lazy\" decoding=\"async\" width=\"1024\" height=\"576\" src=\"http:\/\/ussacyclo.fr\/wp-content\/uploads\/2019\/05\/20190512_094340-1024x576.jpg\" alt=\"\" data-id=\"1682\" data-link=\"http:\/\/ussacyclo.fr\/?attachment_id=1682\" class=\"wp-image-1682\" srcset=\"https:\/\/ussacyclo.fr\/wp-content\/uploads\/2019\/05\/20190512_094340.jpg 1024w, https:\/\/ussacyclo.fr\/wp-content\/uploads\/2019\/05\/20190512_094340-300x169.jpg 300w, https:\/\/ussacyclo.fr\/wp-content\/uploads\/2019\/05\/20190512_094340-768x432.jpg 768w, https:\/\/ussacyclo.fr\/wp-content\/uploads\/2019\/05\/20190512_094340-640x360.jpg 640w\" sizes=\"auto, (max-width: 1024px) 100vw, 1024px\" \/><\/figure><\/li><li class=\"blocks-gallery-item\"><figure><img loading=\"lazy\" decoding=\"async\" width=\"1024\" height=\"768\" src=\"http:\/\/ussacyclo.fr\/wp-content\/uploads\/2019\/05\/IMG-20190515-WA0011-1-1024x768.jpg\" alt=\"\" data-id=\"1683\" data-link=\"http:\/\/ussacyclo.fr\/?attachment_id=1683\" class=\"wp-image-1683\" srcset=\"https:\/\/ussacyclo.fr\/wp-content\/uploads\/2019\/05\/IMG-20190515-WA0011-1-1024x768.jpg 1024w, https:\/\/ussacyclo.fr\/wp-content\/uploads\/2019\/05\/IMG-20190515-WA0011-1-300x225.jpg 300w, https:\/\/ussacyclo.fr\/wp-content\/uploads\/2019\/05\/IMG-20190515-WA0011-1-768x576.jpg 768w, https:\/\/ussacyclo.fr\/wp-content\/uploads\/2019\/05\/IMG-20190515-WA0011-1-480x360.jpg 480w, https:\/\/ussacyclo.fr\/wp-content\/uploads\/2019\/05\/IMG-20190515-WA0011-1.jpg 1600w\" sizes=\"auto, (max-width: 1024px) 100vw, 1024px\" \/><\/figure><\/li><li class=\"blocks-gallery-item\"><figure><img loading=\"lazy\" decoding=\"async\" width=\"1024\" height=\"576\" src=\"http:\/\/ussacyclo.fr\/wp-content\/uploads\/2019\/05\/20190512_091923-1-1024x576.jpg\" alt=\"\" data-id=\"1684\" data-link=\"http:\/\/ussacyclo.fr\/?attachment_id=1684\" class=\"wp-image-1684\" srcset=\"https:\/\/ussacyclo.fr\/wp-content\/uploads\/2019\/05\/20190512_091923-1.jpg 1024w, https:\/\/ussacyclo.fr\/wp-content\/uploads\/2019\/05\/20190512_091923-1-300x169.jpg 300w, https:\/\/ussacyclo.fr\/wp-content\/uploads\/2019\/05\/20190512_091923-1-768x432.jpg 768w, https:\/\/ussacyclo.fr\/wp-content\/uploads\/2019\/05\/20190512_091923-1-640x360.jpg 640w\" sizes=\"auto, (max-width: 1024px) 100vw, 1024px\" \/><\/figure><\/li><li class=\"blocks-gallery-item\"><figure><img loading=\"lazy\" decoding=\"async\" width=\"1024\" height=\"576\" src=\"http:\/\/ussacyclo.fr\/wp-content\/uploads\/2019\/05\/20190512_080648-1024x576.jpg\" alt=\"\" data-id=\"1685\" data-link=\"http:\/\/ussacyclo.fr\/?attachment_id=1685\" class=\"wp-image-1685\" srcset=\"https:\/\/ussacyclo.fr\/wp-content\/uploads\/2019\/05\/20190512_080648.jpg 1024w, https:\/\/ussacyclo.fr\/wp-content\/uploads\/2019\/05\/20190512_080648-300x169.jpg 300w, https:\/\/ussacyclo.fr\/wp-content\/uploads\/2019\/05\/20190512_080648-768x432.jpg 768w, https:\/\/ussacyclo.fr\/wp-content\/uploads\/2019\/05\/20190512_080648-640x360.jpg 640w\" sizes=\"auto, (max-width: 1024px) 100vw, 1024px\" \/><\/figure><\/li><li class=\"blocks-gallery-item\"><figure><img loading=\"lazy\" decoding=\"async\" width=\"1024\" height=\"683\" src=\"http:\/\/ussacyclo.fr\/wp-content\/uploads\/2019\/05\/20190512_093911-1-1024x683.jpg\" alt=\"\" data-id=\"1693\" data-link=\"http:\/\/ussacyclo.fr\/?attachment_id=1693\" class=\"wp-image-1693\" srcset=\"https:\/\/ussacyclo.fr\/wp-content\/uploads\/2019\/05\/20190512_093911-1.jpg 1024w, https:\/\/ussacyclo.fr\/wp-content\/uploads\/2019\/05\/20190512_093911-1-300x200.jpg 300w, https:\/\/ussacyclo.fr\/wp-content\/uploads\/2019\/05\/20190512_093911-1-768x512.jpg 768w, https:\/\/ussacyclo.fr\/wp-content\/uploads\/2019\/05\/20190512_093911-1-540x360.jpg 540w\" sizes=\"auto, (max-width: 1024px) 100vw, 1024px\" \/><\/figure><\/li><\/ul>\n\n\n\n<p>\nAline et Yves, des anciens cyclos de St Arnoult install\u00e9s dans la \nr\u00e9gion, nous ont chaleureusement accueillis dans leur \u00ab\u00a0ferme\u00a0\u00bb avec un \nap\u00e9ro et de multiples toasts faits maison \n\n<\/p>\n\n\n\n<ul class=\"wp-block-gallery columns-1 is-cropped wp-block-gallery-5 is-layout-flex wp-block-gallery-is-layout-flex\"><li class=\"blocks-gallery-item\"><figure><img loading=\"lazy\" decoding=\"async\" width=\"1024\" height=\"768\" src=\"http:\/\/ussacyclo.fr\/wp-content\/uploads\/2019\/05\/IMG-20190515-WA0000-1024x768.jpg\" alt=\"\" data-id=\"1686\" data-link=\"http:\/\/ussacyclo.fr\/?attachment_id=1686\" class=\"wp-image-1686\" srcset=\"https:\/\/ussacyclo.fr\/wp-content\/uploads\/2019\/05\/IMG-20190515-WA0000-1024x768.jpg 1024w, https:\/\/ussacyclo.fr\/wp-content\/uploads\/2019\/05\/IMG-20190515-WA0000-300x225.jpg 300w, https:\/\/ussacyclo.fr\/wp-content\/uploads\/2019\/05\/IMG-20190515-WA0000-768x576.jpg 768w, https:\/\/ussacyclo.fr\/wp-content\/uploads\/2019\/05\/IMG-20190515-WA0000-480x360.jpg 480w, https:\/\/ussacyclo.fr\/wp-content\/uploads\/2019\/05\/IMG-20190515-WA0000.jpg 1600w\" sizes=\"auto, (max-width: 1024px) 100vw, 1024px\" \/><\/figure><\/li><\/ul>\n\n\n\n<p>En r\u00e9sumer un WE en petit groupe mais chaleureux  <\/p>\n\n\n\n<hr class=\"wp-block-separator\"\/>\n","protected":false},"excerpt":{"rendered":"<p>Bonne humeur sur la parcours malgr\u00e9 la m\u00e9teo qui nous a oblig\u00e9 \u00e0 diff\u00e9rer le d\u00e9part du samedi matin en allant chercher une accalmie vers Senonches . Belle \u00e9claircies mais grosse averse \u00e0 Alen\u00e7on. Accompagn\u00e9s sur ce parcours par 2&hellip;  <\/p>\n<p class=\"more-link\"><a href=\"https:\/\/ussacyclo.fr\/?page_id=1614\">Lire la suite <span class=\"meta-nav\">&rarr;<\/span><\/a><\/p>\n","protected":false},"author":145,"featured_media":0,"parent":0,"menu_order":0,"comment_status":"closed","ping_status":"closed","template":"","meta":{"footnotes":""},"class_list":["post-1614","page","type-page","status-publish","hentry"],"_links":{"self":[{"href":"https:\/\/ussacyclo.fr\/index.php?rest_route=\/wp\/v2\/pages\/1614","targetHints":{"allow":["GET"]}}],"collection":[{"href":"https:\/\/ussacyclo.fr\/index.php?rest_route=\/wp\/v2\/pages"}],"about":[{"href":"https:\/\/ussacyclo.fr\/index.php?rest_route=\/wp\/v2\/types\/page"}],"author":[{"embeddable":true,"href":"https:\/\/ussacyclo.fr\/index.php?rest_route=\/wp\/v2\/users\/145"}],"replies":[{"embeddable":true,"href":"https:\/\/ussacyclo.fr\/index.php?rest_route=%2Fwp%2Fv2%2Fcomments&post=1614"}],"version-history":[{"count":16,"href":"https:\/\/ussacyclo.fr\/index.php?rest_route=\/wp\/v2\/pages\/1614\/revisions"}],"predecessor-version":[{"id":1834,"href":"https:\/\/ussacyclo.fr\/index.php?rest_route=\/wp\/v2\/pages\/1614\/revisions\/1834"}],"wp:attachment":[{"href":"https:\/\/ussacyclo.fr\/index.php?rest_route=%2Fwp%2Fv2%2Fmedia&parent=1614"}],"curies":[{"name":"wp","href":"https:\/\/api.w.org\/{rel}","templated":true}]}}