{"id":1792,"date":"2019-06-22T00:34:44","date_gmt":"2019-06-21T22:34:44","guid":{"rendered":"http:\/\/ussacyclo.fr\/?page_id=1792"},"modified":"2019-06-22T18:40:40","modified_gmt":"2019-06-22T16:40:40","slug":"catherine-et-daniel-en-russie","status":"publish","type":"page","link":"https:\/\/ussacyclo.fr\/?page_id=1792","title":{"rendered":"Catherine et Daniel en    Russie"},"content":{"rendered":"\n<table class=\"wp-block-table\"><tbody><tr><\/tr><\/tbody><\/table>\n\n\n\n<p style=\"text-align:center\"> Catherine et Daniel en Russie, un s\u00e9jours organis\u00e9 par la FFCT du 1er au 15 Juin 2019<br><br> S\u00e9jour inoubliable qui nous a men\u00e9 de Moscou \u00e0 Saint P\u00e9tersbourg en passant par le fameux anneau d&rsquo;Or.<br> D\u00e9couverte des sites embl\u00e9matiques de la Russie occidentale : le Kremlin, la place rouge, les monast\u00e8res, le mus\u00e9e de l&rsquo;Ermitage<br> Visites de Jaroslav,Novgorod,class\u00e9es au patrimoine mondial de l&rsquo;UNESCO.<br> Un p\u00e9riple de 650 kms en VTC effectu\u00e9 sous un grand soleil. <\/p>\n\n\n\n<div class=\"wp-block-image\"><figure class=\"aligncenter\"><img loading=\"lazy\" decoding=\"async\" width=\"768\" height=\"1024\" src=\"http:\/\/ussacyclo.fr\/wp-content\/uploads\/2019\/06\/20190602_155904-768x1024.jpg\" alt=\"\" class=\"wp-image-1798\" srcset=\"https:\/\/ussacyclo.fr\/wp-content\/uploads\/2019\/06\/20190602_155904-768x1024.jpg 768w, https:\/\/ussacyclo.fr\/wp-content\/uploads\/2019\/06\/20190602_155904-225x300.jpg 225w, https:\/\/ussacyclo.fr\/wp-content\/uploads\/2019\/06\/20190602_155904-270x360.jpg 270w, https:\/\/ussacyclo.fr\/wp-content\/uploads\/2019\/06\/20190602_155904.jpg 960w\" sizes=\"auto, (max-width: 768px) 100vw, 768px\" \/><\/figure><\/div>\n\n\n\n<div class=\"wp-block-image\"><figure class=\"aligncenter\"><img loading=\"lazy\" decoding=\"async\" width=\"1024\" height=\"768\" src=\"http:\/\/ussacyclo.fr\/wp-content\/uploads\/2019\/06\/20190612_133911-1024x768.jpg\" alt=\"\" class=\"wp-image-1799\" srcset=\"https:\/\/ussacyclo.fr\/wp-content\/uploads\/2019\/06\/20190612_133911-1024x768.jpg 1024w, https:\/\/ussacyclo.fr\/wp-content\/uploads\/2019\/06\/20190612_133911-300x225.jpg 300w, https:\/\/ussacyclo.fr\/wp-content\/uploads\/2019\/06\/20190612_133911-768x576.jpg 768w, https:\/\/ussacyclo.fr\/wp-content\/uploads\/2019\/06\/20190612_133911-480x360.jpg 480w, https:\/\/ussacyclo.fr\/wp-content\/uploads\/2019\/06\/20190612_133911.jpg 1416w\" sizes=\"auto, (max-width: 1024px) 100vw, 1024px\" \/><\/figure><\/div>\n\n\n\n<div class=\"wp-block-image\"><figure class=\"aligncenter\"><img loading=\"lazy\" decoding=\"async\" width=\"1024\" height=\"730\" src=\"http:\/\/ussacyclo.fr\/wp-content\/uploads\/2019\/06\/20190619_190347-1024x730.jpg\" alt=\"\" class=\"wp-image-1800\" srcset=\"https:\/\/ussacyclo.fr\/wp-content\/uploads\/2019\/06\/20190619_190347-1024x730.jpg 1024w, https:\/\/ussacyclo.fr\/wp-content\/uploads\/2019\/06\/20190619_190347-300x214.jpg 300w, https:\/\/ussacyclo.fr\/wp-content\/uploads\/2019\/06\/20190619_190347-768x547.jpg 768w, https:\/\/ussacyclo.fr\/wp-content\/uploads\/2019\/06\/20190619_190347-505x360.jpg 505w, https:\/\/ussacyclo.fr\/wp-content\/uploads\/2019\/06\/20190619_190347.jpg 1280w\" sizes=\"auto, (max-width: 1024px) 100vw, 1024px\" \/><\/figure><\/div>\n","protected":false},"excerpt":{"rendered":"<p>Catherine et Daniel en Russie, un s\u00e9jours organis\u00e9 par la FFCT du 1er au 15 Juin 2019 S\u00e9jour inoubliable qui nous a men\u00e9 de Moscou \u00e0 Saint P\u00e9tersbourg en passant par le fameux anneau d&rsquo;Or. D\u00e9couverte des sites embl\u00e9matiques de&hellip;  <\/p>\n<p class=\"more-link\"><a href=\"https:\/\/ussacyclo.fr\/?page_id=1792\">Lire la suite <span class=\"meta-nav\">&rarr;<\/span><\/a><\/p>\n","protected":false},"author":164,"featured_media":0,"parent":1383,"menu_order":0,"comment_status":"closed","ping_status":"closed","template":"","meta":{"footnotes":""},"class_list":["post-1792","page","type-page","status-publish","hentry"],"_links":{"self":[{"href":"https:\/\/ussacyclo.fr\/index.php?rest_route=\/wp\/v2\/pages\/1792","targetHints":{"allow":["GET"]}}],"collection":[{"href":"https:\/\/ussacyclo.fr\/index.php?rest_route=\/wp\/v2\/pages"}],"about":[{"href":"https:\/\/ussacyclo.fr\/index.php?rest_route=\/wp\/v2\/types\/page"}],"author":[{"embeddable":true,"href":"https:\/\/ussacyclo.fr\/index.php?rest_route=\/wp\/v2\/users\/164"}],"replies":[{"embeddable":true,"href":"https:\/\/ussacyclo.fr\/index.php?rest_route=%2Fwp%2Fv2%2Fcomments&post=1792"}],"version-history":[{"count":4,"href":"https:\/\/ussacyclo.fr\/index.php?rest_route=\/wp\/v2\/pages\/1792\/revisions"}],"predecessor-version":[{"id":1840,"href":"https:\/\/ussacyclo.fr\/index.php?rest_route=\/wp\/v2\/pages\/1792\/revisions\/1840"}],"up":[{"embeddable":true,"href":"https:\/\/ussacyclo.fr\/index.php?rest_route=\/wp\/v2\/pages\/1383"}],"wp:attachment":[{"href":"https:\/\/ussacyclo.fr\/index.php?rest_route=%2Fwp%2Fv2%2Fmedia&parent=1792"}],"curies":[{"name":"wp","href":"https:\/\/api.w.org\/{rel}","templated":true}]}}