{"id":2166,"date":"2020-02-24T20:36:02","date_gmt":"2020-02-24T19:36:02","guid":{"rendered":"http:\/\/ussacyclo.fr\/?page_id=2166"},"modified":"2024-06-06T22:32:58","modified_gmt":"2024-06-06T20:32:58","slug":"paj","status":"publish","type":"page","link":"https:\/\/ussacyclo.fr\/?page_id=2166","title":{"rendered":"EFV  &#8211; Ecole V\u00e9lo (VTT)"},"content":{"rendered":"<p><u>Introduction<\/u><\/p>\n<p>L\u2019\u00e9cole VTT, anciennement Point d\u2019Accueil Jeunes, a accueillie de 2012 (cr\u00e9ation) \u00e0 2024, 110 jeunes qui sont pour certains avec nous depuis bient\u00f4t une dizaine d\u2019ann\u00e9es. C\u2019est une grande satisfaction pour les encadrants de les voir progresser.<\/p>\n<p>L\u2019encadrement est r\u00e9alis\u00e9 par des personnes licenci\u00e9es au sein du club et titulaires d\u2019un dipl\u00f4me f\u00e9d\u00e9ral (Animateur, Initiateur ou Moniteur). D\u2019autres adultes accompagnateurs renforcent l\u2019\u00e9quipe.<\/p>\n<p><u>Comment \u00e7a marche\u00a0?<\/u><\/p>\n<p>Les sorties s&rsquo;effectuent le samedi \u00e0 partir de 14h (RDV \u00e0 13h45) pour un retour\u00a0au plus tard \u00e0 17h, toute l&rsquo;ann\u00e9e sauf durant les vacances scolaires. Le point de rendez-vous est au rond-point du gymnase de Saint-Arnoult.<\/p>\n<p>Des sorties peuvent \u00eatre organis\u00e9es dans des lieux \u00e9loign\u00e9s de St Arnoult (Exemple\u00a0: participation \u00e0 la randonn\u00e9e VTT \u00ab\u00a0La Jean Racine\u00a0\u00bb \u00e0 St R\u00e9my-l\u00e8s-Chevreuse). Elles sont g\u00e9n\u00e9ralement accompagn\u00e9es d&rsquo;un pique-nique et le d\u00e9part s&rsquo;effectue donc en matin\u00e9e (le transport est assur\u00e9 par la section avec les minibus et remorque de l\u2019USSA).<\/p>\n<p>Le club peut \u00e9galement proposer les activit\u00e9s suivantes\u00a0organis\u00e9es au niveau f\u00e9d\u00e9ral :<\/p>\n<ul>\n<li>Concours d\u2019\u00e9ducation routi\u00e8re (d\u00e9partemental, r\u00e9gional, national)<\/li>\n<li>Crit\u00e9riums des jeunes cyclotouristes route et VTT (d\u00e9partemental, r\u00e9gional, national)<\/li>\n<li>S\u00e9jours jeunes en p\u00e9riode de vacances scolaire (ex\u00a0: B\u00e9douin\/Vaucluse en avril 2024)<\/li>\n<\/ul>\n<p>Le club a \u00e9galement propos\u00e9 des stages de maniabilit\u00e9\u00a0(ex : avec Pierre de V\u00e9l\u2019coach en\u00a02020)<\/p>\n<p>Le jeune doit \u00eatre \u00e9quip\u00e9 d&rsquo;un v\u00e9lo en bon \u00e9tat (en particulier transmission et freinage), d&rsquo;un <strong>casque<\/strong>, de <strong>lunettes<\/strong> et de <strong>gants<\/strong>, d&rsquo;une r\u00e9serve d&rsquo;eau et de quelques denr\u00e9es \u00e9nergisantes (la pratique du VTT engendre une consommation importante d&rsquo;\u00e9nergie et d&rsquo;eau qu&rsquo;il est n\u00e9cessaire de bien compenser, et ce, m\u00eame en hiver) et d&rsquo;un sac \u00e0 dos contenant\u00a0:<\/p>\n<ul>\n<li>une chambre \u00e0 air de rechange du bon type (attention aux types de valves)<\/li>\n<li>la r\u00e9serve d&rsquo;eau et le go\u00fbter \u00e9nergisant<\/li>\n<li>une paire de\u00a0d\u00e9monte-pneus<\/li>\n<li>un kit de r\u00e9paration (colle + rustines)<\/li>\n<li>un kit de cl\u00e9s Allen et tournevis et \u00e9ventuellement une\u00a0petite pince<\/li>\n<li>une petite pompe \u00e0 air adapt\u00e9e aux valves<\/li>\n<\/ul>\n<p>Jusqu\u2019\u00e0 3 groupes de niveau sont constitu\u00e9s selon les forces en pr\u00e9sence (jeunes et encadrants).<\/p>\n<p>Les sorties dans les for\u00eats environnantes sont de 15 \u00e0 30 km selon les groupes et les chemins emprunt\u00e9s.<\/p>\n\n\n<figure class=\"wp-block-image size-large\"><a href=\"https:\/\/ussacyclo.fr\/wp-content\/uploads\/2024\/06\/20191130_204935.jpg\"><img loading=\"lazy\" decoding=\"async\" width=\"1024\" height=\"1010\" src=\"https:\/\/ussacyclo.fr\/wp-content\/uploads\/2024\/06\/20191130_204935-1024x1010.jpg\" alt=\"\" class=\"wp-image-3418\" srcset=\"https:\/\/ussacyclo.fr\/wp-content\/uploads\/2024\/06\/20191130_204935-1024x1010.jpg 1024w, https:\/\/ussacyclo.fr\/wp-content\/uploads\/2024\/06\/20191130_204935-300x296.jpg 300w, https:\/\/ussacyclo.fr\/wp-content\/uploads\/2024\/06\/20191130_204935-768x757.jpg 768w, https:\/\/ussacyclo.fr\/wp-content\/uploads\/2024\/06\/20191130_204935-365x360.jpg 365w, https:\/\/ussacyclo.fr\/wp-content\/uploads\/2024\/06\/20191130_204935.jpg 1493w\" sizes=\"auto, (max-width: 1024px) 100vw, 1024px\" \/><\/a><\/figure>\n","protected":false},"excerpt":{"rendered":"<p>Introduction L\u2019\u00e9cole VTT, anciennement Point d\u2019Accueil Jeunes, a accueillie de 2012 (cr\u00e9ation) \u00e0 2024, 110 jeunes qui sont pour certains avec nous depuis bient\u00f4t une dizaine d\u2019ann\u00e9es. C\u2019est une grande satisfaction pour les encadrants de les voir progresser. L\u2019encadrement est&hellip;  <\/p>\n<p class=\"more-link\"><a href=\"https:\/\/ussacyclo.fr\/?page_id=2166\">Lire la suite <span class=\"meta-nav\">&rarr;<\/span><\/a><\/p>\n","protected":false},"author":163,"featured_media":0,"parent":0,"menu_order":0,"comment_status":"closed","ping_status":"closed","template":"","meta":{"footnotes":""},"class_list":["post-2166","page","type-page","status-publish","hentry"],"_links":{"self":[{"href":"https:\/\/ussacyclo.fr\/index.php?rest_route=\/wp\/v2\/pages\/2166","targetHints":{"allow":["GET"]}}],"collection":[{"href":"https:\/\/ussacyclo.fr\/index.php?rest_route=\/wp\/v2\/pages"}],"about":[{"href":"https:\/\/ussacyclo.fr\/index.php?rest_route=\/wp\/v2\/types\/page"}],"author":[{"embeddable":true,"href":"https:\/\/ussacyclo.fr\/index.php?rest_route=\/wp\/v2\/users\/163"}],"replies":[{"embeddable":true,"href":"https:\/\/ussacyclo.fr\/index.php?rest_route=%2Fwp%2Fv2%2Fcomments&post=2166"}],"version-history":[{"count":19,"href":"https:\/\/ussacyclo.fr\/index.php?rest_route=\/wp\/v2\/pages\/2166\/revisions"}],"predecessor-version":[{"id":3419,"href":"https:\/\/ussacyclo.fr\/index.php?rest_route=\/wp\/v2\/pages\/2166\/revisions\/3419"}],"wp:attachment":[{"href":"https:\/\/ussacyclo.fr\/index.php?rest_route=%2Fwp%2Fv2%2Fmedia&parent=2166"}],"curies":[{"name":"wp","href":"https:\/\/api.w.org\/{rel}","templated":true}]}}