{"id":2306,"date":"2020-09-26T22:08:29","date_gmt":"2020-09-26T20:08:29","guid":{"rendered":"http:\/\/ussacyclo.fr\/?page_id=2306"},"modified":"2024-09-01T22:34:47","modified_gmt":"2024-09-01T20:34:47","slug":"ecole-vtt","status":"publish","type":"page","link":"https:\/\/ussacyclo.fr\/?page_id=2306","title":{"rendered":""},"content":{"rendered":"\n<div class=\"wp-block-media-text is-stacked-on-mobile\"><figure class=\"wp-block-media-text__media\"><img loading=\"lazy\" decoding=\"async\" width=\"451\" height=\"481\" src=\"https:\/\/ussacyclo.fr\/wp-content\/uploads\/2024\/09\/Affiche-Ecole-VTT_v2.jpeg\" alt=\"\" class=\"wp-image-3598 size-full\" srcset=\"https:\/\/ussacyclo.fr\/wp-content\/uploads\/2024\/09\/Affiche-Ecole-VTT_v2.jpeg 451w, https:\/\/ussacyclo.fr\/wp-content\/uploads\/2024\/09\/Affiche-Ecole-VTT_v2-281x300.jpeg 281w, https:\/\/ussacyclo.fr\/wp-content\/uploads\/2024\/09\/Affiche-Ecole-VTT_v2-338x360.jpeg 338w\" sizes=\"auto, (max-width: 451px) 100vw, 451px\" \/><\/figure><div class=\"wp-block-media-text__content\">\n<p style=\"font-size:76px\"><strong>Ecole VTT<\/strong><\/p>\n<\/div><\/div>\n\n\n\n<hr class=\"wp-block-separator has-css-opacity\"\/>\n\n\n\n<p>L\u2019\u00e9cole VTT, anciennement Point d\u2019Accueil Jeunes, a accueillie de 2012 (cr\u00e9ation) \u00e0 2024, 110 jeunes qui sont pour certains avec nous depuis bient\u00f4t une dizaine d\u2019ann\u00e9es. C\u2019est une grande satisfaction pour les encadrants de les voir progresser.<\/p>\n\n\n\n<p>L\u2019encadrement est r\u00e9alis\u00e9 par des personnes licenci\u00e9es au sein du club et titulaires d\u2019un dipl\u00f4me f\u00e9d\u00e9ral (Animateur, Initiateur ou Moniteur). D\u2019autres adultes accompagnateurs renforcent l\u2019\u00e9quipe.<\/p>\n\n\n\n<p>Comment \u00e7a marche&nbsp;?<\/p>\n\n\n\n<p>Les sorties s&rsquo;effectuent le samedi \u00e0 partir de 14h (RDV \u00e0 13h45) pour un retour&nbsp;au plus tard \u00e0 17h, toute l&rsquo;ann\u00e9e sauf durant les vacances scolaires. Le point de rendez-vous est au rond-point du gymnase de Saint-Arnoult.<\/p>\n\n\n\n<p>Des sorties peuvent \u00eatre organis\u00e9es dans des lieux \u00e9loign\u00e9s de St Arnoult (Exemple&nbsp;: participation \u00e0 la randonn\u00e9e VTT \u00ab&nbsp;La Jean Racine&nbsp;\u00bb \u00e0 St R\u00e9my-l\u00e8s-Chevreuse). Elles sont g\u00e9n\u00e9ralement accompagn\u00e9es d&rsquo;un pique-nique et le d\u00e9part s&rsquo;effectue donc en matin\u00e9e (le transport est assur\u00e9 par la section avec les minibus et remorque de l\u2019USSA).<\/p>\n\n\n\n<p>Le club peut \u00e9galement proposer les activit\u00e9s suivantes&nbsp;organis\u00e9es au niveau f\u00e9d\u00e9ral :<\/p>\n\n\n\n<ul class=\"wp-block-list\">\n<li>Concours d\u2019\u00e9ducation routi\u00e8re (d\u00e9partemental, r\u00e9gional, national)<\/li>\n\n\n\n<li>Crit\u00e9riums des jeunes cyclotouristes route et VTT (d\u00e9partemental, r\u00e9gional, national)<\/li>\n\n\n\n<li>S\u00e9jours jeunes en p\u00e9riode de vacances scolaire (ex\u00a0: B\u00e9douin\/Vaucluse en avril 2024)<\/li>\n<\/ul>\n\n\n\n<p>Le club a \u00e9galement propos\u00e9 des stages de maniabilit\u00e9&nbsp;(ex : avec Pierre de V\u00e9l\u2019coach en&nbsp;2020)<\/p>\n\n\n\n<p>Le jeune doit \u00eatre \u00e9quip\u00e9 d&rsquo;un v\u00e9lo en bon \u00e9tat (en particulier transmission et freinage), d&rsquo;un <strong>casque<\/strong>, de <strong>lunettes<\/strong> et de <strong>gants<\/strong>, d&rsquo;une r\u00e9serve d&rsquo;eau et de quelques denr\u00e9es \u00e9nergisantes (la pratique du VTT engendre une consommation importante d&rsquo;\u00e9nergie et d&rsquo;eau qu&rsquo;il est n\u00e9cessaire de bien compenser, et ce, m\u00eame en hiver) et d&rsquo;un sac \u00e0 dos contenant&nbsp;:<\/p>\n\n\n\n<ul class=\"wp-block-list\">\n<li>une chambre \u00e0 air de rechange du bon type (attention aux types de valves)<\/li>\n\n\n\n<li>la r\u00e9serve d&rsquo;eau et le go\u00fbter \u00e9nergisant<\/li>\n\n\n\n<li>une paire de\u00a0d\u00e9monte-pneus<\/li>\n\n\n\n<li>un kit de r\u00e9paration (colle + rustines)<\/li>\n\n\n\n<li>un kit de cl\u00e9s Allen et tournevis et \u00e9ventuellement une\u00a0petite pince<\/li>\n\n\n\n<li>une petite pompe \u00e0 air adapt\u00e9e aux valves<\/li>\n<\/ul>\n\n\n\n<p>Jusqu\u2019\u00e0 3 groupes de niveau sont constitu\u00e9s selon les forces en pr\u00e9sence (jeunes et encadrants).<\/p>\n\n\n\n<p>Les sorties dans les for\u00eats environnantes sont de 15 \u00e0 30 km selon les groupes et les chemins emprunt\u00e9s.<\/p>\n\n\n\n<figure class=\"wp-block-image size-large is-resized\"><a href=\"https:\/\/ussacyclo.fr\/wp-content\/uploads\/2024\/09\/20190413_181544.jpg\"><img loading=\"lazy\" decoding=\"async\" width=\"1024\" height=\"596\" src=\"https:\/\/ussacyclo.fr\/wp-content\/uploads\/2024\/09\/20190413_181544-1024x596.jpg\" alt=\"\" class=\"wp-image-3592\" style=\"width:430px;height:auto\" srcset=\"https:\/\/ussacyclo.fr\/wp-content\/uploads\/2024\/09\/20190413_181544-1024x596.jpg 1024w, https:\/\/ussacyclo.fr\/wp-content\/uploads\/2024\/09\/20190413_181544-300x175.jpg 300w, https:\/\/ussacyclo.fr\/wp-content\/uploads\/2024\/09\/20190413_181544-768x447.jpg 768w, https:\/\/ussacyclo.fr\/wp-content\/uploads\/2024\/09\/20190413_181544-618x360.jpg 618w, https:\/\/ussacyclo.fr\/wp-content\/uploads\/2024\/09\/20190413_181544.jpg 1451w\" sizes=\"auto, (max-width: 1024px) 100vw, 1024px\" \/><\/a><\/figure>\n\n\n\n<figure class=\"wp-block-image size-large is-resized\"><a href=\"https:\/\/ussacyclo.fr\/wp-content\/uploads\/2024\/09\/20220312_155917-scaled.jpg\"><img loading=\"lazy\" decoding=\"async\" width=\"1024\" height=\"768\" src=\"https:\/\/ussacyclo.fr\/wp-content\/uploads\/2024\/09\/20220312_155917-1024x768.jpg\" alt=\"\" class=\"wp-image-3593\" style=\"width:432px;height:auto\" srcset=\"https:\/\/ussacyclo.fr\/wp-content\/uploads\/2024\/09\/20220312_155917-1024x768.jpg 1024w, https:\/\/ussacyclo.fr\/wp-content\/uploads\/2024\/09\/20220312_155917-300x225.jpg 300w, https:\/\/ussacyclo.fr\/wp-content\/uploads\/2024\/09\/20220312_155917-768x576.jpg 768w, https:\/\/ussacyclo.fr\/wp-content\/uploads\/2024\/09\/20220312_155917-1536x1152.jpg 1536w, https:\/\/ussacyclo.fr\/wp-content\/uploads\/2024\/09\/20220312_155917-2048x1536.jpg 2048w, https:\/\/ussacyclo.fr\/wp-content\/uploads\/2024\/09\/20220312_155917-480x360.jpg 480w\" sizes=\"auto, (max-width: 1024px) 100vw, 1024px\" \/><\/a><\/figure>\n\n\n\n<figure class=\"wp-block-image size-large is-resized\"><a href=\"https:\/\/ussacyclo.fr\/wp-content\/uploads\/2024\/09\/20200201_150138_VeloCoach_PAJ-Colyn-scaled.jpg\"><img loading=\"lazy\" decoding=\"async\" width=\"1024\" height=\"768\" src=\"https:\/\/ussacyclo.fr\/wp-content\/uploads\/2024\/09\/20200201_150138_VeloCoach_PAJ-Colyn-1024x768.jpg\" alt=\"\" class=\"wp-image-3594\" style=\"width:433px;height:auto\" srcset=\"https:\/\/ussacyclo.fr\/wp-content\/uploads\/2024\/09\/20200201_150138_VeloCoach_PAJ-Colyn-1024x768.jpg 1024w, https:\/\/ussacyclo.fr\/wp-content\/uploads\/2024\/09\/20200201_150138_VeloCoach_PAJ-Colyn-300x225.jpg 300w, https:\/\/ussacyclo.fr\/wp-content\/uploads\/2024\/09\/20200201_150138_VeloCoach_PAJ-Colyn-768x576.jpg 768w, https:\/\/ussacyclo.fr\/wp-content\/uploads\/2024\/09\/20200201_150138_VeloCoach_PAJ-Colyn-1536x1152.jpg 1536w, https:\/\/ussacyclo.fr\/wp-content\/uploads\/2024\/09\/20200201_150138_VeloCoach_PAJ-Colyn-2048x1536.jpg 2048w, https:\/\/ussacyclo.fr\/wp-content\/uploads\/2024\/09\/20200201_150138_VeloCoach_PAJ-Colyn-480x360.jpg 480w\" sizes=\"auto, (max-width: 1024px) 100vw, 1024px\" \/><\/a><\/figure>\n\n\n\n<figure class=\"wp-block-image size-large is-resized\"><a href=\"https:\/\/ussacyclo.fr\/wp-content\/uploads\/2024\/09\/PXL_20240302_141050727_exported_13323.jpg\"><img loading=\"lazy\" decoding=\"async\" width=\"576\" height=\"1024\" src=\"https:\/\/ussacyclo.fr\/wp-content\/uploads\/2024\/09\/PXL_20240302_141050727_exported_13323-576x1024.jpg\" alt=\"\" class=\"wp-image-3595\" style=\"width:435px;height:auto\" srcset=\"https:\/\/ussacyclo.fr\/wp-content\/uploads\/2024\/09\/PXL_20240302_141050727_exported_13323-576x1024.jpg 576w, https:\/\/ussacyclo.fr\/wp-content\/uploads\/2024\/09\/PXL_20240302_141050727_exported_13323-169x300.jpg 169w, https:\/\/ussacyclo.fr\/wp-content\/uploads\/2024\/09\/PXL_20240302_141050727_exported_13323-768x1365.jpg 768w, https:\/\/ussacyclo.fr\/wp-content\/uploads\/2024\/09\/PXL_20240302_141050727_exported_13323-864x1536.jpg 864w, https:\/\/ussacyclo.fr\/wp-content\/uploads\/2024\/09\/PXL_20240302_141050727_exported_13323-203x360.jpg 203w, https:\/\/ussacyclo.fr\/wp-content\/uploads\/2024\/09\/PXL_20240302_141050727_exported_13323.jpg 1080w\" sizes=\"auto, (max-width: 576px) 100vw, 576px\" \/><\/a><\/figure>\n\n\n\n<p><strong><u>Code de bonne conduite et r\u00e8glement<\/u><\/strong>\u00a0<\/p>\n\n\n\n<p>Le VTT et le cyclotourisme sont, en particulier pour les enfants, un sport exigeant sur le plan physique et mat\u00e9riel. La section VTT cyclotourisme est bien une section sportive.&nbsp;<\/p>\n\n\n\n<p>Pour que l\u2019ann\u00e9e se d\u00e9roule au mieux, veuillez noter qu\u2019une inscription entra\u00eene une pr\u00e9sence r\u00e9guli\u00e8re. Cela permet de progresser au m\u00eame rythme que le groupe. En cas d\u2019absence exceptionnelle, il est imp\u00e9ratif de pr\u00e9venir l\u2019encadrement (<a href=\"mailto:paj@ussacyclo.fr\" target=\"_blank\" rel=\"noreferrer noopener\">paj@ussacyclo.fr<\/a>). Bien entendu les cas particuliers de type \u00ab\u202fgarde altern\u00e9e \u00bb ne n\u00e9cessitent qu\u2019une information pr\u00e9alable et unique en d\u00e9but de saison et \u00e0 tout changement de rythme.&nbsp;<\/p>\n\n\n\n<p>Ce sport se pratique en ext\u00e9rieur, par cons\u00e9quent lorsque les conditions raisonnables ne sont pas r\u00e9unies (froid intense, m\u00e9t\u00e9o tr\u00e8s d\u00e9favorable, terrain par trop boueux ou glissant, etc), il est possible que l\u2019encadrement soit contraint d\u2019annuler une s\u00e9ance pour des raisons de s\u00e9curit\u00e9 ; vous en serez pr\u00e9venus d\u00e8s que la d\u00e9cision sera prise. La pluie ou le froid ordinaires et de saison ne sont pas des motifs pour ne pas envoyer vos enfants pratiquer leur sport avec le groupe et le club, seules les conditions exceptionnelles le sont.&nbsp;<\/p>\n\n\n\n<p>Attention \u00e0 ne pas pratiquer d\u2019autre activit\u00e9 sportive le m\u00eame jour, le VTT engendre de grandes d\u00e9penses d\u2019\u00e9nergie. Une accumulation de fatigue n\u2019est pas souhaitable, elle augmente tr\u00e8s d\u00e9favorablement les divers risques et au minimum p\u00e9nalise le groupe entier.&nbsp;<\/p>\n\n\n\n<p>La participation \u00e0 une s\u00e9ance n\u00e9cessite un casque homologu\u00e9 en bon \u00e9tat. Son port est obligatoire durant la pratique, un sac \u00e0 dos contenant une gourde d\u2019eau de contenance raisonnable, un go\u00fbter \u00e9nergisant, un petit imperm\u00e9able par temps de pluie, si possible des gants, si possible des lunettes de protection, un v\u00e9lo obligatoirement fonctionnel (pneus et freins en bon \u00e9tat de fonctionnement) et un kit de r\u00e9paration (rustines\/colle) ou une chambre \u00e0 air de rechange et de bonne dimension. Il est important que l\u2019enfant pr\u00e9pare son sac lui-m\u00eame, mais il est important de v\u00e9rifier l\u2019\u00e9quipement avant son d\u00e9part. Nous nous r\u00e9servons le droit de refuser la prise en charge pour tout \u00e9quipement incomplet ou non conforme ; en ce cas vous serez tenus de venir chercher votre enfant sans d\u00e9lai d\u00e8s notre appel.&nbsp;<\/p>\n\n\n\n<p>Le casque audio et les \u00e9couteurs sont proscrits \u00e0 v\u00e9lo.&nbsp;<\/p>\n\n\n\n<p>Le VTT \u00e0 Assistance Electrique n&rsquo;est pas autoris\u00e9.&nbsp;<\/p>\n\n\n\n<p>L\u2019entretien du v\u00e9lo est \u00e0 la charge int\u00e9grale des parents et de l\u2019enfant, les encadrants vous donneront \u00e9ventuellement des conseils ad\u00e9quats et vous signaleront les probl\u00e8mes. Un jet d\u2019eau pourra \u00eatre mis \u00e0 disposition apr\u00e8s chaque s\u00e9ance et sur demande pour nettoyer \u00ab\u202fle plus gros \u00bb. Attention aux crevaisons lentes, il faut imp\u00e9rativement v\u00e9rifier la pression des pneus les heures qui pr\u00e9c\u00e8dent le d\u00e9part.&nbsp;<\/p>\n","protected":false},"excerpt":{"rendered":"<p>Ecole VTT L\u2019\u00e9cole VTT, anciennement Point d\u2019Accueil Jeunes, a accueillie de 2012 (cr\u00e9ation) \u00e0 2024, 110 jeunes qui sont pour certains avec nous depuis bient\u00f4t une dizaine d\u2019ann\u00e9es. C\u2019est une grande satisfaction pour les encadrants de les voir progresser. L\u2019encadrement&hellip;  <\/p>\n<p class=\"more-link\"><a href=\"https:\/\/ussacyclo.fr\/?page_id=2306\">Lire la suite <span class=\"meta-nav\">&rarr;<\/span><\/a><\/p>\n","protected":false},"author":163,"featured_media":0,"parent":0,"menu_order":0,"comment_status":"closed","ping_status":"closed","template":"","meta":{"footnotes":""},"class_list":["post-2306","page","type-page","status-publish","hentry"],"_links":{"self":[{"href":"https:\/\/ussacyclo.fr\/index.php?rest_route=\/wp\/v2\/pages\/2306","targetHints":{"allow":["GET"]}}],"collection":[{"href":"https:\/\/ussacyclo.fr\/index.php?rest_route=\/wp\/v2\/pages"}],"about":[{"href":"https:\/\/ussacyclo.fr\/index.php?rest_route=\/wp\/v2\/types\/page"}],"author":[{"embeddable":true,"href":"https:\/\/ussacyclo.fr\/index.php?rest_route=\/wp\/v2\/users\/163"}],"replies":[{"embeddable":true,"href":"https:\/\/ussacyclo.fr\/index.php?rest_route=%2Fwp%2Fv2%2Fcomments&post=2306"}],"version-history":[{"count":17,"href":"https:\/\/ussacyclo.fr\/index.php?rest_route=\/wp\/v2\/pages\/2306\/revisions"}],"predecessor-version":[{"id":3600,"href":"https:\/\/ussacyclo.fr\/index.php?rest_route=\/wp\/v2\/pages\/2306\/revisions\/3600"}],"wp:attachment":[{"href":"https:\/\/ussacyclo.fr\/index.php?rest_route=%2Fwp%2Fv2%2Fmedia&parent=2306"}],"curies":[{"name":"wp","href":"https:\/\/api.w.org\/{rel}","templated":true}]}}