{"id":290,"date":"2015-04-28T19:22:57","date_gmt":"2015-04-28T17:22:57","guid":{"rendered":"http:\/\/ussacyclo.fr\/?page_id=290"},"modified":"2023-09-11T15:04:44","modified_gmt":"2023-09-11T13:04:44","slug":"les-randos-du-bon-saint-arnoult","status":"publish","type":"page","link":"https:\/\/ussacyclo.fr\/?page_id=290","title":{"rendered":"Les randos du Bon Saint-Arnoult"},"content":{"rendered":"<p>La section cyclo de l&rsquo;USSA vous propose chaque ann\u00e9e, d\u00e9but septembre les randonn\u00e9es du Bon Saint-Arnoult.<\/p>\n<p>Dans une atmosph\u00e8re conviviale et dans les derni\u00e8res senteurs de l&rsquo;\u00e9t\u00e9, les sportifs les plus aguerris autant que les amateurs d&rsquo;un jour savourent de beaux parcours dans notre belle r\u00e9gion.<\/p>\n<p>La section cyclo de l&rsquo;USSA vous propose chaque ann\u00e9e, d\u00e9but septembre les randonn\u00e9es du Bon Saint-Arnoult.<\/p>\n<p>Dans une atmosph\u00e8re conviviale et dans les derni\u00e8res senteurs de l&rsquo;\u00e9t\u00e9, les sportifs les plus aguerris autant que les amateurs d&rsquo;un jour savourent de beaux parcours dans notre belle r\u00e9gion.<\/p>\n<p>Le BSA 2023 a eu lieu le 3 septembre 2023 : <a href=\"https:\/\/photos.app.goo.gl\/SgkFBYDRLk1oDm1j7\">Album photos.<\/a><\/p>\n<p>Le BSA 2022 a eu lieu le 4 septembre 2022 : <a href=\"https:\/\/photos.app.goo.gl\/5bwBy24Z4sGhC5D69\">Album photos.<\/a><\/p>\n<p>Le BSA 2021 a eu lieu le 5 septembre 2021 : <a href=\"https:\/\/photos.app.goo.gl\/gFC7K355R7u41EW88\">Album photos.<\/a><\/p>\n<p>Le BSA 2020 n&rsquo;a pas eu lieu le 6 septembre 2020; il a \u00e9t\u00e9 annul\u00e9 pour cause de crise sanitaire COVID-19<\/p>\n<p>Le BSA 2019 a eu lieu le 8 septembre 2019, toutes les infos <a href=\"http:\/\/ussacyclo.fr\/?page_id=1707\">ici<\/a><\/p>\n","protected":false},"excerpt":{"rendered":"<p>La section cyclo de l&rsquo;USSA vous propose chaque ann\u00e9e, d\u00e9but septembre les randonn\u00e9es du Bon Saint-Arnoult. Dans une atmosph\u00e8re conviviale et dans les derni\u00e8res senteurs de l&rsquo;\u00e9t\u00e9, les sportifs les plus aguerris autant que les amateurs d&rsquo;un jour savourent de&hellip;  <\/p>\n<p class=\"more-link\"><a href=\"https:\/\/ussacyclo.fr\/?page_id=290\">Lire la suite <span class=\"meta-nav\">&rarr;<\/span><\/a><\/p>\n","protected":false},"author":3,"featured_media":0,"parent":0,"menu_order":0,"comment_status":"closed","ping_status":"open","template":"","meta":{"footnotes":""},"class_list":["post-290","page","type-page","status-publish","hentry"],"_links":{"self":[{"href":"https:\/\/ussacyclo.fr\/index.php?rest_route=\/wp\/v2\/pages\/290","targetHints":{"allow":["GET"]}}],"collection":[{"href":"https:\/\/ussacyclo.fr\/index.php?rest_route=\/wp\/v2\/pages"}],"about":[{"href":"https:\/\/ussacyclo.fr\/index.php?rest_route=\/wp\/v2\/types\/page"}],"author":[{"embeddable":true,"href":"https:\/\/ussacyclo.fr\/index.php?rest_route=\/wp\/v2\/users\/3"}],"replies":[{"embeddable":true,"href":"https:\/\/ussacyclo.fr\/index.php?rest_route=%2Fwp%2Fv2%2Fcomments&post=290"}],"version-history":[{"count":15,"href":"https:\/\/ussacyclo.fr\/index.php?rest_route=\/wp\/v2\/pages\/290\/revisions"}],"predecessor-version":[{"id":3054,"href":"https:\/\/ussacyclo.fr\/index.php?rest_route=\/wp\/v2\/pages\/290\/revisions\/3054"}],"wp:attachment":[{"href":"https:\/\/ussacyclo.fr\/index.php?rest_route=%2Fwp%2Fv2%2Fmedia&parent=290"}],"curies":[{"name":"wp","href":"https:\/\/api.w.org\/{rel}","templated":true}]}}