{"id":319,"date":"2015-06-04T13:57:39","date_gmt":"2015-06-04T11:57:39","guid":{"rendered":"http:\/\/ussacyclo.fr\/?page_id=319"},"modified":"2025-03-09T18:05:46","modified_gmt":"2025-03-09T17:05:46","slug":"sejours","status":"publish","type":"page","link":"https:\/\/ussacyclo.fr\/?page_id=319","title":{"rendered":"S\u00e9jours \/ Randos"},"content":{"rendered":"\n<h1 class=\"wp-block-heading\" style=\"font-size:23px\">Les randos du Bon Saint-Arnoult<\/h1>\n\n\n\n<p>La section cyclo de l\u2019USSA vous propose chaque ann\u00e9e, d\u00e9but septembre les randonn\u00e9es du Bon Saint-Arnoult.<\/p>\n\n\n\n<p>Dans une atmosph\u00e8re conviviale et dans les derni\u00e8res senteurs de l\u2019\u00e9t\u00e9, les sportifs les plus aguerris autant que les amateurs d\u2019un jour savourent de beaux parcours dans notre belle r\u00e9gion.<\/p>\n\n\n\n<p>La section cyclo de l\u2019USSA vous propose chaque ann\u00e9e, d\u00e9but septembre les randonn\u00e9es du Bon Saint-Arnoult.<\/p>\n\n\n\n<p>Dans une atmosph\u00e8re conviviale et dans les derni\u00e8res senteurs de l\u2019\u00e9t\u00e9, les sportifs les plus aguerris autant que les amateurs d\u2019un jour savourent de beaux parcours dans notre belle r\u00e9gion.<\/p>\n\n\n\n<p>Le BSA 2023 a eu lieu le 3 septembre 2023 : <a href=\"https:\/\/photos.app.goo.gl\/SgkFBYDRLk1oDm1j7\">Album photos.<\/a><\/p>\n\n\n\n<p>Le BSA 2022 a eu lieu le 4 septembre 2022 : <a href=\"https:\/\/photos.app.goo.gl\/5bwBy24Z4sGhC5D69\">Album photos.<\/a><\/p>\n\n\n\n<p>Le BSA 2021 a eu lieu le 5 septembre 2021 : <a href=\"https:\/\/photos.app.goo.gl\/gFC7K355R7u41EW88\">Album photos.<\/a><\/p>\n\n\n\n<p>Le BSA 2020 n\u2019a pas eu lieu le 6 septembre 2020; il a \u00e9t\u00e9 annul\u00e9 pour cause de crise sanitaire COVID-19<\/p>\n\n\n\n<p>Le BSA 2019 a eu lieu le 8 septembre 2019 : Album photos<\/p>\n\n\n\n<p><\/p>\n\n\n\n<h1 class=\"wp-block-heading\" style=\"font-size:23px\">Souvenirs<\/h1>\n\n\n\n<ul class=\"wp-block-list\">\n<li><a href=\"http:\/\/ussacyclo.fr\/?p=2026\">Corsica 2019<\/a><\/li>\n\n\n\n<li><a href=\"http:\/\/ussacyclo.fr\/?p=2061\">Cyclomontagnarde du Vercors Juin 2019<\/a><\/li>\n\n\n\n<li><a href=\"http:\/\/ussacyclo.fr\/?page_id=1614\">Alpes Mancelles 2019<\/a><\/li>\n\n\n\n<li><a href=\"http:\/\/ussacyclo.fr\/?page_id=807\">Repas Club 2017<\/a><\/li>\n\n\n\n<li><a href=\"http:\/\/ussacyclo.fr\/?page_id=702\">BSA 2016<\/a><\/li>\n\n\n\n<li><a href=\"http:\/\/ussacyclo.fr\/?page_id=674\">Liginiac 2016<\/a>.<\/li>\n\n\n\n<li><a href=\"http:\/\/ussacyclo.fr\/?page_id=633\">Lac de Garde 2015<\/a>.<\/li>\n\n\n\n<li><a href=\"http:\/\/ussacyclo.fr\/?page_id=532\">Cosne-sur-Loire 2015<\/a>.<\/li>\n\n\n\n<li><a href=\"http:\/\/ussacyclo.fr\/?page_id=307\">Les monts de Gu\u00e9ret 2015<\/a>.<\/li>\n\n\n\n<li><a href=\"http:\/\/ussacyclo.fr\/?page_id=93\">Paris-Nice 2015<\/a>.<\/li>\n\n\n\n<li><a href=\"http:\/\/ussacyclo.fr\/?page_id=100\">Le Roch\u2019 des Monts d\u2019Arr\u00e9e 2014<\/a>.<\/li>\n\n\n\n<li><a href=\"http:\/\/ussacyclo.fr\/?page_id=117\">Le Puy de Sancy 2014<\/a>.<\/li>\n<\/ul>\n\n\n\n<p><\/p>\n","protected":false},"excerpt":{"rendered":"<p>Les randos du Bon Saint-Arnoult La section cyclo de l\u2019USSA vous propose chaque ann\u00e9e, d\u00e9but septembre les randonn\u00e9es du Bon Saint-Arnoult. Dans une atmosph\u00e8re conviviale et dans les derni\u00e8res senteurs de l\u2019\u00e9t\u00e9, les sportifs les plus aguerris autant que les&hellip;  <\/p>\n<p class=\"more-link\"><a href=\"https:\/\/ussacyclo.fr\/?page_id=319\">Lire la suite <span class=\"meta-nav\">&rarr;<\/span><\/a><\/p>\n","protected":false},"author":3,"featured_media":0,"parent":0,"menu_order":0,"comment_status":"closed","ping_status":"open","template":"","meta":{"footnotes":""},"class_list":["post-319","page","type-page","status-publish","hentry"],"_links":{"self":[{"href":"https:\/\/ussacyclo.fr\/index.php?rest_route=\/wp\/v2\/pages\/319","targetHints":{"allow":["GET"]}}],"collection":[{"href":"https:\/\/ussacyclo.fr\/index.php?rest_route=\/wp\/v2\/pages"}],"about":[{"href":"https:\/\/ussacyclo.fr\/index.php?rest_route=\/wp\/v2\/types\/page"}],"author":[{"embeddable":true,"href":"https:\/\/ussacyclo.fr\/index.php?rest_route=\/wp\/v2\/users\/3"}],"replies":[{"embeddable":true,"href":"https:\/\/ussacyclo.fr\/index.php?rest_route=%2Fwp%2Fv2%2Fcomments&post=319"}],"version-history":[{"count":33,"href":"https:\/\/ussacyclo.fr\/index.php?rest_route=\/wp\/v2\/pages\/319\/revisions"}],"predecessor-version":[{"id":3924,"href":"https:\/\/ussacyclo.fr\/index.php?rest_route=\/wp\/v2\/pages\/319\/revisions\/3924"}],"wp:attachment":[{"href":"https:\/\/ussacyclo.fr\/index.php?rest_route=%2Fwp%2Fv2%2Fmedia&parent=319"}],"curies":[{"name":"wp","href":"https:\/\/api.w.org\/{rel}","templated":true}]}}