{"id":93,"date":"2015-03-09T21:46:09","date_gmt":"2015-03-09T20:46:09","guid":{"rendered":"http:\/\/ussacyclo.fr\/?page_id=93"},"modified":"2015-12-06T18:29:01","modified_gmt":"2015-12-06T17:29:01","slug":"paris-nice-2015","status":"publish","type":"page","link":"https:\/\/ussacyclo.fr\/?page_id=93","title":{"rendered":"Paris-Nice 2015"},"content":{"rendered":"Vous devez \u00eatre connect\u00e9 pour voir ce contenu.","protected":false},"excerpt":{"rendered":"Vous devez \u00eatre connect\u00e9 pour voir ce contenu.","protected":false},"author":163,"featured_media":0,"parent":19,"menu_order":0,"comment_status":"closed","ping_status":"open","template":"","meta":{"footnotes":""},"class_list":["post-93","page","type-page","status-publish","hentry"],"_links":{"self":[{"href":"https:\/\/ussacyclo.fr\/index.php?rest_route=\/wp\/v2\/pages\/93","targetHints":{"allow":["GET"]}}],"collection":[{"href":"https:\/\/ussacyclo.fr\/index.php?rest_route=\/wp\/v2\/pages"}],"about":[{"href":"https:\/\/ussacyclo.fr\/index.php?rest_route=\/wp\/v2\/types\/page"}],"author":[{"embeddable":true,"href":"https:\/\/ussacyclo.fr\/index.php?rest_route=\/wp\/v2\/users\/163"}],"replies":[{"embeddable":true,"href":"https:\/\/ussacyclo.fr\/index.php?rest_route=%2Fwp%2Fv2%2Fcomments&post=93"}],"version-history":[{"count":4,"href":"https:\/\/ussacyclo.fr\/index.php?rest_route=\/wp\/v2\/pages\/93\/revisions"}],"predecessor-version":[{"id":179,"href":"https:\/\/ussacyclo.fr\/index.php?rest_route=\/wp\/v2\/pages\/93\/revisions\/179"}],"up":[{"embeddable":true,"href":"https:\/\/ussacyclo.fr\/index.php?rest_route=\/wp\/v2\/pages\/19"}],"wp:attachment":[{"href":"https:\/\/ussacyclo.fr\/index.php?rest_route=%2Fwp%2Fv2%2Fmedia&parent=93"}],"curies":[{"name":"wp","href":"https:\/\/api.w.org\/{rel}","templated":true}]}}